{"id":56,"date":"2021-10-23T11:45:12","date_gmt":"2021-10-23T10:45:12","guid":{"rendered":"https:\/\/oktayahmed.com\/golge\/?page_id=56"},"modified":"2021-10-23T11:45:13","modified_gmt":"2021-10-23T10:45:13","slug":"hakkinda","status":"publish","type":"page","link":"https:\/\/oktayahmed.com\/golge\/hakkinda\/","title":{"rendered":"Hakk\u0131nda"},"content":{"rendered":"\n<p><strong>Oktay Ahmed<\/strong>, 1967 \u00dcsk\u00fcp do\u011fumlu, Kuzey Makedonyal\u0131 yazar, \u015fair ve bilim adam\u0131d\u0131r.<\/p>\n\n\n\n<p>Di\u011fer sayfalar\u0131:<\/p>\n\n\n\n<p><a href=\"https:\/\/oktayahmed.com\/\">oktayahmed.com<\/a><\/p>\n\n\n\n<p><a href=\"https:\/\/ukim.academia.edu\/OktayAhmed\">https:\/\/ukim.academia.edu\/OktayAhmed<\/a><\/p>\n\n\n\n<p><a href=\"https:\/\/mk.wikipedia.org\/wiki\/%D0%9E%D0%BA%D1%82%D0%B0%D1%98_%D0%90%D1%85%D0%BC%D0%B5%D0%B4\">https:\/\/mk.wikipedia.org\/wiki\/%D0%9E%D0%BA%D1%82%D0%B0%D1%98_%D0%90%D1%85%D0%BC%D0%B5%D0%B4<\/a><\/p>\n\n\n\n<p><a href=\"https:\/\/bg.wikipedia.org\/wiki\/%D0%9E%D0%BA%D1%82%D0%B0%D0%B9_%D0%90%D1%85%D0%BC%D0%B5%D0%B4\">https:\/\/bg.wikipedia.org\/wiki\/%D0%9E%D0%BA%D1%82%D0%B0%D0%B9_%D0%90%D1%85%D0%BC%D0%B5%D0%B4<\/a><\/p>\n\n\n\n<p><a href=\"https:\/\/www.instagram.com\/oktayahmed\/\">https:\/\/www.instagram.com\/oktayahmed\/<\/a><\/p>\n\n\n\n<p><\/p>\n","protected":false},"excerpt":{"rendered":"<p>Oktay Ahmed, 1967 \u00dcsk\u00fcp do\u011fumlu, Kuzey Makedonyal\u0131 yazar, \u015fair ve bilim adam\u0131d\u0131r. Di\u011fer sayfalar\u0131: oktayahmed.com https:\/\/ukim.academia.edu\/OktayAhmed https:\/\/mk.wikipedia.org\/wiki\/%D0%9E%D0%BA%D1%82%D0%B0%D1%98_%D0%90%D1%85%D0%BC%D0%B5%D0%B4 https:\/\/bg.wikipedia.org\/wiki\/%D0%9E%D0%BA%D1%82%D0%B0%D0%B9_%D0%90%D1%85%D0%BC%D0%B5%D0%B4 https:\/\/www.instagram.com\/oktayahmed\/<\/p>\n","protected":false},"author":1,"featured_media":0,"parent":0,"menu_order":0,"comment_status":"closed","ping_status":"closed","template":"","meta":{"footnotes":""},"class_list":["post-56","page","type-page","status-publish","hentry"],"_links":{"self":[{"href":"https:\/\/oktayahmed.com\/golge\/wp-json\/wp\/v2\/pages\/56","targetHints":{"allow":["GET"]}}],"collection":[{"href":"https:\/\/oktayahmed.com\/golge\/wp-json\/wp\/v2\/pages"}],"about":[{"href":"https:\/\/oktayahmed.com\/golge\/wp-json\/wp\/v2\/types\/page"}],"author":[{"embeddable":true,"href":"https:\/\/oktayahmed.com\/golge\/wp-json\/wp\/v2\/users\/1"}],"replies":[{"embeddable":true,"href":"https:\/\/oktayahmed.com\/golge\/wp-json\/wp\/v2\/comments?post=56"}],"version-history":[{"count":1,"href":"https:\/\/oktayahmed.com\/golge\/wp-json\/wp\/v2\/pages\/56\/revisions"}],"predecessor-version":[{"id":58,"href":"https:\/\/oktayahmed.com\/golge\/wp-json\/wp\/v2\/pages\/56\/revisions\/58"}],"wp:attachment":[{"href":"https:\/\/oktayahmed.com\/golge\/wp-json\/wp\/v2\/media?parent=56"}],"curies":[{"name":"wp","href":"https:\/\/api.w.org\/{rel}","templated":true}]}}